{"id":76,"date":"2025-11-28T12:59:32","date_gmt":"2025-11-28T11:59:32","guid":{"rendered":"https:\/\/florencelaffay.com\/?page_id=76"},"modified":"2025-11-28T13:02:50","modified_gmt":"2025-11-28T12:02:50","slug":"ils-mont-fait-confiance","status":"publish","type":"page","link":"https:\/\/florencelaffay.com\/index.php\/ils-mont-fait-confiance\/","title":{"rendered":"Ils m&#8217;ont fait confiance"},"content":{"rendered":"<p>Anne-Marie V.<br \/>\n\u00c9criture de m\u00e9moires<\/p>\n<p>Annie et Salomon H.<br \/>\n\u00c9criture de m\u00e9moires<\/p>\n<p>Ayoub G.<br \/>\nCourriers administratifs<\/p>\n<p>G\u00e9rard G.<br \/>\nCorrection de m\u00e9moires (280 pages)<\/p>\n<p>Hubert P.<br \/>\nCorrection de textes personnels<\/p>\n<p>Jean-Bernard S.<br \/>\nIntroduction de m\u00e9moire m\u00e9dical document\u00e9<\/p>\n<p>Jeannette B.<br \/>\n\u00c9criture de m\u00e9moires<\/p>\n<p>Jean-Philippe V.<br \/>\nR\u00e9daction de lettre personnelle<\/p>\n<p>Monique B.<br \/>\n\u00c9criture de m\u00e9moires<\/p>\n<p>Catherine P.<br \/>\n\u00c9criture de m\u00e9moires<\/p>\n<p>Sophie J.<br \/>\n\u00c9criture de m\u00e9moires<\/p>\n<p>Ville de Saint-\u00c9tienne<br \/>\nRetranscription des ateliers culinaires inter g\u00e9n\u00e9rationnels<\/p>\n","protected":false},"excerpt":{"rendered":"<p>Anne-Marie V. \u00c9criture de m\u00e9moires Annie et Salomon H. \u00c9criture de m\u00e9moires Ayoub G. Courriers administratifs G\u00e9rard G. Correction de m\u00e9moires (280 pages) Hubert P. Correction de textes personnels Jean-Bernard S. Introduction de m\u00e9moire m\u00e9dical document\u00e9 Jeannette B. \u00c9criture de m\u00e9moires Jean-Philippe V. R\u00e9daction de lettre personnelle Monique B. \u00c9criture de m\u00e9moires Catherine P. \u00c9criture [&hellip;]<\/p>\n","protected":false},"author":1,"featured_media":0,"parent":0,"menu_order":0,"comment_status":"closed","ping_status":"closed","template":"","meta":{"footnotes":""},"class_list":["post-76","page","type-page","status-publish","hentry"],"_links":{"self":[{"href":"https:\/\/florencelaffay.com\/index.php\/wp-json\/wp\/v2\/pages\/76","targetHints":{"allow":["GET"]}}],"collection":[{"href":"https:\/\/florencelaffay.com\/index.php\/wp-json\/wp\/v2\/pages"}],"about":[{"href":"https:\/\/florencelaffay.com\/index.php\/wp-json\/wp\/v2\/types\/page"}],"author":[{"embeddable":true,"href":"https:\/\/florencelaffay.com\/index.php\/wp-json\/wp\/v2\/users\/1"}],"replies":[{"embeddable":true,"href":"https:\/\/florencelaffay.com\/index.php\/wp-json\/wp\/v2\/comments?post=76"}],"version-history":[{"count":3,"href":"https:\/\/florencelaffay.com\/index.php\/wp-json\/wp\/v2\/pages\/76\/revisions"}],"predecessor-version":[{"id":78,"href":"https:\/\/florencelaffay.com\/index.php\/wp-json\/wp\/v2\/pages\/76\/revisions\/78"}],"wp:attachment":[{"href":"https:\/\/florencelaffay.com\/index.php\/wp-json\/wp\/v2\/media?parent=76"}],"curies":[{"name":"wp","href":"https:\/\/api.w.org\/{rel}","templated":true}]}}